{"id":11,"date":"2024-12-06T13:33:42","date_gmt":"2024-12-06T12:33:42","guid":{"rendered":"https:\/\/diegenussdealer.com\/?page_id=11"},"modified":"2025-11-06T18:27:40","modified_gmt":"2025-11-06T17:27:40","slug":"startseite","status":"publish","type":"page","link":"https:\/\/diegenussdealer.com\/","title":{"rendered":"Startseite"},"content":{"rendered":"\t\t<div data-elementor-type=\"wp-page\" data-elementor-id=\"11\" class=\"elementor elementor-11\">\n\t\t\t\t<div class=\"elementor-element elementor-element-aa2cabf e-flex e-con-boxed e-con e-parent\" data-id=\"aa2cabf\" data-element_type=\"container\" data-e-type=\"container\" data-settings=\"{&quot;background_background&quot;:&quot;classic&quot;}\">\n\t\t\t\t\t<div class=\"e-con-inner\">\n\t\t\t\t<div class=\"elementor-element elementor-element-b7cf20f elementor-widget elementor-widget-text-editor\" data-id=\"b7cf20f\" data-element_type=\"widget\" data-e-type=\"widget\" data-widget_type=\"text-editor.default\">\n\t\t\t\t\t\t\t\t\t<h1>WIR HABEN GESCHLOSSEN!<\/h1><h1><span style=\"font-size: 18px;\">Leider haben wir unser Gesch\u00e4ft in Wunsiedel geschlossen.<\/span><\/h1><p>Gutscheine behalten ihre G\u00fcltigkeit und k\u00f6nnen weiterhin bei uns eingel\u00f6st werden.\u00a0<br \/>Bitte kontaktieren Sie uns gerne.\u00a0<\/p><p>Ihre Genussdealer<br \/>Susanne &amp; Thomas Wurm<\/p><p>hallo@diegenussdealer.com<br \/>Tel: 01523 3588847<\/p>\t\t\t\t\t\t\t\t<\/div>\n\t\t\t\t\t<\/div>\n\t\t\t\t<\/div>\n\t\t\t\t<\/div>\n\t\t","protected":false},"excerpt":{"rendered":"<p>WIR HABEN GESCHLOSSEN! Leider haben wir unser Gesch\u00e4ft in Wunsiedel geschlossen. Gutscheine behalten ihre G\u00fcltigkeit und k\u00f6nnen weiterhin bei uns eingel\u00f6st werden.\u00a0Bitte kontaktieren Sie uns gerne.\u00a0 Ihre GenussdealerSusanne &amp; Thomas Wurm hallo@diegenussdealer.comTel: 01523 3588847<\/p>\n","protected":false},"author":1,"featured_media":0,"parent":0,"menu_order":0,"comment_status":"closed","ping_status":"closed","template":"elementor_canvas","meta":{"footnotes":""},"class_list":["post-11","page","type-page","status-publish","hentry"],"_links":{"self":[{"href":"https:\/\/diegenussdealer.com\/index.php\/wp-json\/wp\/v2\/pages\/11","targetHints":{"allow":["GET"]}}],"collection":[{"href":"https:\/\/diegenussdealer.com\/index.php\/wp-json\/wp\/v2\/pages"}],"about":[{"href":"https:\/\/diegenussdealer.com\/index.php\/wp-json\/wp\/v2\/types\/page"}],"author":[{"embeddable":true,"href":"https:\/\/diegenussdealer.com\/index.php\/wp-json\/wp\/v2\/users\/1"}],"replies":[{"embeddable":true,"href":"https:\/\/diegenussdealer.com\/index.php\/wp-json\/wp\/v2\/comments?post=11"}],"version-history":[{"count":157,"href":"https:\/\/diegenussdealer.com\/index.php\/wp-json\/wp\/v2\/pages\/11\/revisions"}],"predecessor-version":[{"id":390,"href":"https:\/\/diegenussdealer.com\/index.php\/wp-json\/wp\/v2\/pages\/11\/revisions\/390"}],"wp:attachment":[{"href":"https:\/\/diegenussdealer.com\/index.php\/wp-json\/wp\/v2\/media?parent=11"}],"curies":[{"name":"wp","href":"https:\/\/api.w.org\/{rel}","templated":true}]}}